{"id":15,"date":"2025-05-21T19:36:04","date_gmt":"2025-05-21T19:36:04","guid":{"rendered":"https:\/\/lucasyrocio.hummingforest.com\/?page_id=15"},"modified":"2025-07-01T10:10:45","modified_gmt":"2025-07-01T10:10:45","slug":"inicio","status":"publish","type":"page","link":"https:\/\/lucasyrocio.hummingforest.com\/","title":{"rendered":"Inicio"},"content":{"rendered":"\n<div class=\"wp-block-cover alignfull is-light has-custom-content-position is-position-bottom-center\" style=\"margin-top:0;margin-bottom:0;padding-top:var(--wp--preset--spacing--80);padding-bottom:var(--wp--preset--spacing--80);min-height:100vh;aspect-ratio:unset;\"><img loading=\"lazy\" decoding=\"async\" width=\"900\" height=\"527\" class=\"wp-block-cover__image-background wp-image-136 size-full\" alt=\"\" src=\"https:\/\/lucasyrocio.hummingforest.com\/wp-content\/uploads\/2025\/06\/2-3.jpg\" data-object-fit=\"cover\" srcset=\"https:\/\/lucasyrocio.hummingforest.com\/wp-content\/uploads\/2025\/06\/2-3.jpg 900w, https:\/\/lucasyrocio.hummingforest.com\/wp-content\/uploads\/2025\/06\/2-3-300x176.jpg 300w, https:\/\/lucasyrocio.hummingforest.com\/wp-content\/uploads\/2025\/06\/2-3-768x450.jpg 768w\" sizes=\"auto, (max-width: 900px) 100vw, 900px\" \/><span aria-hidden=\"true\" class=\"wp-block-cover__background has-accent-5-background-color has-background-dim-20 has-background-dim\"><\/span><div class=\"wp-block-cover__inner-container is-layout-flow wp-block-cover-is-layout-flow\">\n<h1 class=\"wp-block-heading has-text-align-center has-base-color has-text-color has-link-color has-tangerine-font-family wp-elements-8411c669b648378e8f7230a47fe4e669\" style=\"font-size:clamp(3.426rem, 3.426rem + ((1vw - 0.2rem) * 5.606), 7rem);\">Lucas y Roc\u00edo<\/h1>\n\n\n\n<p><\/p>\n\n\n\n<div class=\"wp-block-buttons is-content-justification-center is-layout-flex wp-container-core-buttons-is-layout-2ef82da4 wp-block-buttons-is-layout-flex\" style=\"padding-top:0;padding-bottom:0\">\n<div class=\"wp-block-button\"><a class=\"wp-block-button__link wp-element-button\" href=\"https:\/\/seed-timer-a09.notion.site\/1fd7a17b2bd680a19a59fb175a8d8d4d?pvs=105\" target=\"_blank\" rel=\"noreferrer noopener\">Confirma tu asistencia<\/a><\/div>\n<\/div>\n<\/div><\/div>\n\n\n\n<div style=\"height:40px\" aria-hidden=\"true\" class=\"wp-block-spacer\"><\/div>\n\n\n\n<div class=\"wp-block-group has-global-padding is-layout-constrained wp-block-group-is-layout-constrained\">\n<h1 class=\"wp-block-heading\" id=\"cuando\">\u00bfCu\u00e1ndo ser\u00e1?<\/h1>\n\n\n\n<div style=\"height:var(--wp--preset--spacing--20)\" aria-hidden=\"true\" class=\"wp-block-spacer\"><\/div>\n\n\n\n<p><strong>Domingo, 21 de septiembre de 2025.<\/strong><\/p>\n\n\n\n<p><strong>Empezaremos a las 13:30, pero os agradeceremos enormemente que est\u00e9is por all\u00ed un poquito antes.<\/strong> Os esperaremos con bebidas fresquitas para que la espera no se haga muy larga.<\/p>\n\n\n\n<p>El amor no entiende de d\u00edas, pero nosotros s\u00ed: es domingo y lo sabemos. \u00a1Os prometemos una fiesta inolvidable y una retirada a tiempo! Nadie se transformar\u00e1 en calabaza, pero nos hace mucha ilusi\u00f3n bailar con todos vosotros.<\/p>\n\n\n\n<div style=\"height:20px\" aria-hidden=\"true\" class=\"wp-block-spacer\"><\/div>\n<\/div>\n\n\n\n<div class=\"wp-block-group alignfull has-base-color has-contrast-background-color has-text-color has-background has-link-color wp-elements-5bd171a5f32a77dca24fbaed83b6b00b has-global-padding is-layout-constrained wp-block-group-is-layout-constrained\" style=\"padding-top:var(--wp--preset--spacing--60);padding-bottom:var(--wp--preset--spacing--60)\">\n<h1 class=\"wp-block-heading\" id=\"donde\">\u00bfD\u00f3nde os esperamos?<\/h1>\n\n\n\n<div style=\"height:var(--wp--preset--spacing--20)\" aria-hidden=\"true\" class=\"wp-block-spacer\"><\/div>\n\n\n\n<div class=\"wp-block-columns alignwide is-layout-flex wp-container-core-columns-is-layout-28f84493 wp-block-columns-is-layout-flex\">\n<div class=\"wp-block-column is-vertically-aligned-center is-layout-flow wp-block-column-is-layout-flow\">\n<p class=\"has-text-align-right\">Finca Feligr\u00e9s<\/p>\n\n\n\n<p class=\"has-text-align-right\">Carretera de Velilla km 1<\/p>\n\n\n\n<p class=\"has-text-align-right\">Arganda del Rey (Madrid)<\/p>\n<\/div>\n\n\n\n<div class=\"wp-block-column has-global-padding is-content-justification-left is-layout-constrained wp-container-core-column-is-layout-98f10c53 wp-block-column-is-layout-constrained\" style=\"padding-right:0;padding-left:0\">\n<div class=\"mapouter\"><div class=\"gmap_canvas\"><iframe loading=\"lazy\" width=\"600\" height=\"500\" id=\"gmap_canvas\" src=\"https:\/\/maps.google.com\/maps?q=finca%20feligr%C3%A9s&#038;t=&#038;z=13&#038;ie=UTF8&#038;iwloc=&#038;output=embed\" frameborder=\"0\" scrolling=\"no\" marginheight=\"0\" marginwidth=\"0\"><\/iframe><a href=\"https:\/\/123movies-to.org\">123movies<\/a><br><style>.mapouter{position:relative;text-align:right;height:500px;width:600px;}<\/style><a href=\"https:\/\/www.embedgooglemap.net\"><\/a><style>.gmap_canvas {overflow:hidden;background:none!important;height:500px;width:600px;}<\/style><\/div><\/div>\n<\/div>\n\n\n\n<div class=\"wp-block-column is-layout-flow wp-block-column-is-layout-flow\"><\/div>\n<\/div>\n\n\n\n<div style=\"height:20px\" aria-hidden=\"true\" class=\"wp-block-spacer\"><\/div>\n<\/div>\n\n\n\n<div class=\"wp-block-group has-global-padding is-layout-constrained wp-block-group-is-layout-constrained\" style=\"padding-top:var(--wp--preset--spacing--60);padding-bottom:var(--wp--preset--spacing--60)\">\n<h1 class=\"wp-block-heading\" id=\"confirmacion\">\u00bfContamos contigo?<\/h1>\n\n\n\n<div style=\"height:var(--wp--preset--spacing--20)\" aria-hidden=\"true\" class=\"wp-block-spacer\"><\/div>\n\n\n\n<p>Nos ayudar\u00eda mucho que rellenarais el siguiente formulario para <strong>cada asistente, con el nombre y los apellidos y vuestras alergias o preferencias alimentarias<\/strong>, as\u00ed como cualquier comentario que quer\u00e1is a\u00f1adir.<\/p>\n\n\n\n<div style=\"height:var(--wp--preset--spacing--20)\" aria-hidden=\"true\" class=\"wp-block-spacer\"><\/div>\n\n\n\n<div class=\"wp-block-buttons is-content-justification-center is-layout-flex wp-container-core-buttons-is-layout-a89b3969 wp-block-buttons-is-layout-flex\">\n<div class=\"wp-block-button\"><a class=\"wp-block-button__link wp-element-button\" href=\"https:\/\/seed-timer-a09.notion.site\/1fd7a17b2bd680a19a59fb175a8d8d4d?pvs=105\" target=\"_blank\" rel=\"noreferrer noopener\">Confirma tu asistencia<\/a><\/div>\n<\/div>\n\n\n\n<div style=\"height:var(--wp--preset--spacing--20)\" aria-hidden=\"true\" class=\"wp-block-spacer\"><\/div>\n\n\n\n<p>Os dejamos por aqu\u00ed nuestro contacto por si os surge alguna duda:<\/p>\n\n\n\n<p><strong>Lucas:<\/strong> 646 106 388<\/p>\n\n\n\n<p><strong>Roc\u00edo:<\/strong> 663 619 719<\/p>\n\n\n\n<div style=\"height:20px\" aria-hidden=\"true\" class=\"wp-block-spacer\"><\/div>\n<\/div>\n\n\n\n<div class=\"wp-block-group alignfull has-base-color has-contrast-background-color has-text-color has-background has-link-color wp-elements-00983bf5b8d2e78dffe99b41941c3ac7 has-global-padding is-layout-constrained wp-block-group-is-layout-constrained\" style=\"padding-top:var(--wp--preset--spacing--60);padding-bottom:var(--wp--preset--spacing--60)\">\n<h1 class=\"wp-block-heading\" id=\"protocolo\">Y&#8230; \u00bfqu\u00e9 me pongo?<\/h1>\n\n\n\n<div style=\"height:var(--wp--preset--spacing--20)\" aria-hidden=\"true\" class=\"wp-block-spacer\"><\/div>\n\n\n\n<p><strong>Nosotros nos pondremos guapos, porque es nuestra boda. \u00bfY vosotros?<\/strong><br>Nos encantar\u00eda que vinierais guapetes, pero c\u00f3modos. Es posible que parte del d\u00eda lo pasemos sobre c\u00e9sped, as\u00ed que \u00a1tenedlo en cuenta a la hora de elegir zapatos!<\/p>\n\n\n\n<p>No hace falta que sig\u00e1is ning\u00fan protocolo estricto, ni que os compr\u00e9is nada nuevo (aunque pod\u00e9is hacerlo si quer\u00e9is). Ponte ese vestido que te encanta y est\u00e1s deseando lucir, o el traje que te acompa\u00f1a en todas las bodas. Solo queremos que, cuando salgas de casa, te mires al espejo y digas: \u201cwow\u201d (y que puedas disfrutar todo el d\u00eda y bailar con nosotros, claro).<\/p>\n\n\n\n<div style=\"height:20px\" aria-hidden=\"true\" class=\"wp-block-spacer\"><\/div>\n<\/div>\n\n\n\n<div class=\"wp-block-group alignfull has-contrast-color has-base-background-color has-text-color has-background has-link-color wp-elements-6362fa8cd4113f2daf7cf786a1cd6db4 has-global-padding is-layout-constrained wp-block-group-is-layout-constrained\" style=\"padding-top:var(--wp--preset--spacing--60);padding-bottom:var(--wp--preset--spacing--60)\">\n<h1 class=\"wp-block-heading\" id=\"musica\">Un \u00faltimo favor&#8230;<\/h1>\n\n\n\n<div style=\"height:var(--wp--preset--spacing--20)\" aria-hidden=\"true\" class=\"wp-block-spacer\"><\/div>\n\n\n\n<p><strong>Queremos que lo pas\u00e9is tan bien como nosotros, as\u00ed que hemos preparado una lista de Spotify para que a\u00f1ad\u00e1is esas canciones que os encantar\u00eda escuchar esa tarde.<\/strong><br>No prometemos que suenen todas, pero haremos lo posible para que est\u00e9n bien representadas\u2026 \u00a1y que no falten temazos para darlo todo en la pista!<\/p>\n\n\n\n<div style=\"height:var(--wp--preset--spacing--20)\" aria-hidden=\"true\" class=\"wp-block-spacer\"><\/div>\n\n\n\n<div class=\"wp-block-buttons is-content-justification-center is-layout-flex wp-container-core-buttons-is-layout-a89b3969 wp-block-buttons-is-layout-flex\">\n<div class=\"wp-block-button\"><a class=\"wp-block-button__link wp-element-button\" href=\"https:\/\/open.spotify.com\/playlist\/2dmAa5qIhRdK6cWdRT38As?si=ef6b5f193cfc4bb2&amp;pt=56275febed13e94902dc585db12da2f0\" target=\"_blank\" rel=\"noreferrer noopener\">A\u00f1ade tus canciones<\/a><\/div>\n<\/div>\n\n\n\n<p><\/p>\n<\/div>\n\n\n\n<div class=\"wp-block-group alignfull has-base-color has-contrast-background-color has-text-color has-background has-link-color wp-elements-128c8c27cfd408e6d31b934a355c7cfc has-global-padding is-layout-constrained wp-block-group-is-layout-constrained\" style=\"padding-top:var(--wp--preset--spacing--60);padding-bottom:var(--wp--preset--spacing--60)\">\n<h1 class=\"wp-block-heading\" id=\"regalos\">Regalos<\/h1>\n\n\n\n<div style=\"height:var(--wp--preset--spacing--20)\" aria-hidden=\"true\" class=\"wp-block-spacer\"><\/div>\n\n\n\n<p>Los regalos son bienvenidos pero no obligatorios. No queremos que nuestra boda suponga un estr\u00e9s econ\u00f3mico para nadie. Lo importante es que veng\u00e1is a celebrar con nosotros este d\u00eda tan especial.<\/p>\n\n\n\n<p>A\u00fan as\u00ed, si quer\u00e9is tener un detalle, os dejamos por aqu\u00ed nuestro n\u00famero de cuenta:<\/p>\n\n\n\n<p class=\"has-text-align-center\"><strong>ES2415447889786651067771<\/strong><\/p>\n\n\n\n<div style=\"height:20px\" aria-hidden=\"true\" class=\"wp-block-spacer\"><\/div>\n<\/div>\n\n\n\n<p><\/p>\n","protected":false},"excerpt":{"rendered":"<p>\u00bfCu\u00e1ndo ser\u00e1? Domingo, 21 de septiembre de 2025. Empezaremos a las 13:30, pero os agradeceremos enormemente que est\u00e9is por all\u00ed un poquito antes. Os esperaremos con bebidas fresquitas para que la espera no se haga muy larga. El amor no entiende de d\u00edas, pero nosotros s\u00ed: es domingo y lo sabemos. \u00a1Os prometemos una fiesta [&hellip;]<\/p>\n","protected":false},"author":1,"featured_media":0,"parent":0,"menu_order":0,"comment_status":"closed","ping_status":"closed","template":"page-no-title","meta":{"footnotes":""},"class_list":["post-15","page","type-page","status-publish","hentry"],"_links":{"self":[{"href":"https:\/\/lucasyrocio.hummingforest.com\/index.php?rest_route=\/wp\/v2\/pages\/15","targetHints":{"allow":["GET"]}}],"collection":[{"href":"https:\/\/lucasyrocio.hummingforest.com\/index.php?rest_route=\/wp\/v2\/pages"}],"about":[{"href":"https:\/\/lucasyrocio.hummingforest.com\/index.php?rest_route=\/wp\/v2\/types\/page"}],"author":[{"embeddable":true,"href":"https:\/\/lucasyrocio.hummingforest.com\/index.php?rest_route=\/wp\/v2\/users\/1"}],"replies":[{"embeddable":true,"href":"https:\/\/lucasyrocio.hummingforest.com\/index.php?rest_route=%2Fwp%2Fv2%2Fcomments&post=15"}],"version-history":[{"count":76,"href":"https:\/\/lucasyrocio.hummingforest.com\/index.php?rest_route=\/wp\/v2\/pages\/15\/revisions"}],"predecessor-version":[{"id":160,"href":"https:\/\/lucasyrocio.hummingforest.com\/index.php?rest_route=\/wp\/v2\/pages\/15\/revisions\/160"}],"wp:attachment":[{"href":"https:\/\/lucasyrocio.hummingforest.com\/index.php?rest_route=%2Fwp%2Fv2%2Fmedia&parent=15"}],"curies":[{"name":"wp","href":"https:\/\/api.w.org\/{rel}","templated":true}]}}